{"id":36,"date":"2016-06-25T14:32:00","date_gmt":"2016-06-25T14:32:00","guid":{"rendered":"http:\/\/www.quinsa.es\/?page_id=36"},"modified":"2022-05-23T16:20:00","modified_gmt":"2022-05-23T16:20:00","slug":"pagina-principal","status":"publish","type":"page","link":"https:\/\/www.quinsa.es\/","title":{"rendered":"Canteras Quinsa"},"content":{"rendered":"<h1>Bienvenido a Quinsa<\/h1>\n<hr \/>\n<h3><span style=\"color: #808080;\"><em>Canteras de caliza\u00a0\u2666 Bombeo de hormigones\u00a0\u2666 Venta de\u00a0\u00e1ridos\u00a0con transporte propio\u00a0\u2666 Planta dosificadora de\u00a0hormig\u00f3n\u00a0\u2666 Suministro por dosificaci\u00f3n o resistencia\u00a0<\/em><\/span><\/h3>\n<hr \/>\n<p>Canteras y Hormigones Quintana es una explotaci\u00f3n a cielo abierto de piedra caliza localizada en Gama, en el t\u00e9rmino municipal de B\u00e1rcena de Cicero (Cantabria).<br \/>\nFundada en 1.971 y dedicada fundamentalmente a la extracci\u00f3n y venta de \u00e1ridos y al suministro de hormig\u00f3n, su \u00faltima l\u00ednea de negocio la constituye la comercializaci\u00f3n de bloques ornamental de piedra caliza, de un color muy caracter\u00edstico y cercano en intensidad al Negro Marquina.<\/p>\n<p><a href=\"http:\/\/www.quinsa.es\/wp-content\/uploads\/2016\/06\/DSC_0094.jpg\"><img loading=\"lazy\" class=\"size-medium wp-image-43 alignnone\" src=\"http:\/\/www.quinsa.es\/wp-content\/uploads\/2016\/06\/DSC_0094-300x225.jpg\" alt=\"DSC_0094\" width=\"300\" height=\"225\" srcset=\"https:\/\/www.quinsa.es\/wp-content\/uploads\/2016\/06\/DSC_0094-300x225.jpg 300w, https:\/\/www.quinsa.es\/wp-content\/uploads\/2016\/06\/DSC_0094-768x576.jpg 768w, https:\/\/www.quinsa.es\/wp-content\/uploads\/2016\/06\/DSC_0094.jpg 1024w\" sizes=\"(max-width: 300px) 100vw, 300px\" \/><\/a>\u00a0\u00a0<a href=\"http:\/\/www.quinsa.es\/wp-content\/uploads\/2016\/06\/DSC_0082.jpg\"><img loading=\"lazy\" class=\"size-medium wp-image-44 alignnone\" src=\"http:\/\/www.quinsa.es\/wp-content\/uploads\/2016\/06\/DSC_0082-300x225.jpg\" alt=\"DSC_0082\" width=\"300\" height=\"225\" srcset=\"https:\/\/www.quinsa.es\/wp-content\/uploads\/2016\/06\/DSC_0082-300x225.jpg 300w, https:\/\/www.quinsa.es\/wp-content\/uploads\/2016\/06\/DSC_0082-768x576.jpg 768w, https:\/\/www.quinsa.es\/wp-content\/uploads\/2016\/06\/DSC_0082.jpg 1024w\" sizes=\"(max-width: 300px) 100vw, 300px\" \/><\/a>\u00a0\u00a0<a href=\"http:\/\/www.quinsa.es\/wp-content\/uploads\/2016\/06\/DSC_0081.jpg\"><img loading=\"lazy\" class=\"size-medium wp-image-42 alignnone\" src=\"http:\/\/www.quinsa.es\/wp-content\/uploads\/2016\/06\/DSC_0081-300x225.jpg\" alt=\"DSC_0081\" width=\"300\" height=\"225\" srcset=\"https:\/\/www.quinsa.es\/wp-content\/uploads\/2016\/06\/DSC_0081-300x225.jpg 300w, https:\/\/www.quinsa.es\/wp-content\/uploads\/2016\/06\/DSC_0081-768x576.jpg 768w, https:\/\/www.quinsa.es\/wp-content\/uploads\/2016\/06\/DSC_0081.jpg 1024w\" sizes=\"(max-width: 300px) 100vw, 300px\" \/><\/a><\/p>\n<p>Puedes consultar nuestro cat\u00e1logo haciendo clic en el siguiente enlace <a href=\"http:\/\/www.quinsa.es\/wp-content\/uploads\/2016\/06\/Cat\u00e1logo-de-piedras-Quinsa.es_.pdf\">Cat\u00e1logo de piedras &#8211; Quinsa.es<\/a>.<\/p>\n<p>\u00bfNecesitas m\u00e1s informaci\u00f3n? No dudes en ponerte en contacto con nosotros a trav\u00e9s del tel\u00e9fono 942 64 23 24 o en info@quinsa.es<\/p>\n","protected":false},"excerpt":{"rendered":"<p>Bienvenido a Quinsa Canteras de caliza\u00a0\u2666 Bombeo de hormigones\u00a0\u2666 Venta de\u00a0\u00e1ridos\u00a0con transporte propio\u00a0\u2666 Planta dosificadora de\u00a0hormig\u00f3n\u00a0\u2666 Suministro por dosificaci\u00f3n o resistencia\u00a0 Canteras y Hormigones Quintana es una explotaci\u00f3n a cielo abierto de piedra caliza localizada en Gama, en el t\u00e9rmino municipal de B\u00e1rcena de Cicero (Cantabria). Fundada en 1.971 y dedicada fundamentalmente a la extracci\u00f3n y venta de \u00e1ridos y al suministro de hormig\u00f3n, su \u00faltima l\u00ednea de negocio la&#8230;<\/p>\n","protected":false},"author":1,"featured_media":0,"parent":0,"menu_order":0,"comment_status":"closed","ping_status":"closed","template":"","meta":[],"_links":{"self":[{"href":"https:\/\/www.quinsa.es\/index.php?rest_route=\/wp\/v2\/pages\/36"}],"collection":[{"href":"https:\/\/www.quinsa.es\/index.php?rest_route=\/wp\/v2\/pages"}],"about":[{"href":"https:\/\/www.quinsa.es\/index.php?rest_route=\/wp\/v2\/types\/page"}],"author":[{"embeddable":true,"href":"https:\/\/www.quinsa.es\/index.php?rest_route=\/wp\/v2\/users\/1"}],"replies":[{"embeddable":true,"href":"https:\/\/www.quinsa.es\/index.php?rest_route=%2Fwp%2Fv2%2Fcomments&post=36"}],"version-history":[{"count":4,"href":"https:\/\/www.quinsa.es\/index.php?rest_route=\/wp\/v2\/pages\/36\/revisions"}],"predecessor-version":[{"id":273538,"href":"https:\/\/www.quinsa.es\/index.php?rest_route=\/wp\/v2\/pages\/36\/revisions\/273538"}],"wp:attachment":[{"href":"https:\/\/www.quinsa.es\/index.php?rest_route=%2Fwp%2Fv2%2Fmedia&parent=36"}],"curies":[{"name":"wp","href":"https:\/\/api.w.org\/{rel}","templated":true}]}}